{"id":72,"date":"2021-02-20T20:37:11","date_gmt":"2021-02-20T19:37:11","guid":{"rendered":"http:\/\/localhost\/?page_id=72"},"modified":"2024-05-14T20:45:00","modified_gmt":"2024-05-14T18:45:00","slug":"oper","status":"publish","type":"page","link":"https:\/\/sophierosenfelder.de\/index.php\/repertoire\/oper\/","title":{"rendered":"Oper"},"content":{"rendered":"\n<div class=\"wp-block-columns are-vertically-aligned-top is-layout-flex wp-container-core-columns-is-layout-9d6595d7 wp-block-columns-is-layout-flex\">\n<div class=\"wp-block-column is-vertically-aligned-top is-layout-flow wp-block-column-is-layout-flow\" style=\"flex-basis:100%\">\n<div class=\"wp-block-group alignwide\"><div class=\"wp-block-group__inner-container is-layout-flow wp-block-group-is-layout-flow\">\n<div class=\"wp-block-media-text alignwide is-stacked-on-mobile is-image-fill\"><figure class=\"wp-block-media-text__media\" style=\"background-image:url(https:\/\/sophierosenfelder.de\/wp-content\/uploads\/2021\/03\/EllifotografiertSophie-1-684x1024.jpg);background-position:50% 50%\"><img fetchpriority=\"high\" decoding=\"async\" width=\"684\" height=\"1024\" src=\"https:\/\/sophierosenfelder.de\/wp-content\/uploads\/2021\/03\/EllifotografiertSophie-1-684x1024.jpg\" alt=\"\" class=\"wp-image-332 size-full\" srcset=\"https:\/\/sophierosenfelder.de\/wp-content\/uploads\/2021\/03\/EllifotografiertSophie-1-684x1024.jpg 684w, https:\/\/sophierosenfelder.de\/wp-content\/uploads\/2021\/03\/EllifotografiertSophie-1-200x300.jpg 200w, https:\/\/sophierosenfelder.de\/wp-content\/uploads\/2021\/03\/EllifotografiertSophie-1-768x1151.jpg 768w, https:\/\/sophierosenfelder.de\/wp-content\/uploads\/2021\/03\/EllifotografiertSophie-1.jpg 1024w\" sizes=\"(max-width: 684px) 100vw, 684px\" \/><\/figure><div class=\"wp-block-media-text__content\">\n<div class=\"wp-block-group\"><div class=\"wp-block-group__inner-container is-layout-flow wp-block-group-is-layout-flow\">\n<div class=\"wp-block-group\"><div class=\"wp-block-group__inner-container is-layout-flow wp-block-group-is-layout-flow\">\n<p class=\"has-small-font-size\"><strong>Vollst\u00e4ndig studierte Partien:<\/strong><br><br><strong>GR\u00c4FIN<\/strong><br>W. A. Mozart: Le nozze di Figaro<\/p>\n\n\n\n<p><\/p>\n\n\n\n<p><strong>In Ausz\u00fcgen studierte Partien:<\/strong><\/p>\n\n\n\n<p class=\"title has-normal-font-size\"><strong>MICAELA&nbsp;&nbsp;&nbsp;&nbsp;&nbsp;&nbsp;&nbsp;&nbsp;&nbsp;&nbsp;&nbsp;&nbsp;<\/strong><\/p>\n\n\n\n<p class=\"has-extra-small-font-size\">Georges Bizet: Carmen<\/p>\n\n\n\n<p class=\"title\"><strong>UNDINE<\/strong><\/p>\n\n\n\n<p class=\"has-extra-small-font-size\">Albert Lortzing: Undine<\/p>\n\n\n\n<p class=\"title\"><strong>VITELLIA<\/strong><\/p>\n\n\n\n<p class=\"has-extra-small-font-size\">W. A. Mozart: La Clemenza di Tito<\/p>\n\n\n\n<p class=\"title\"><strong>ELISABETTA<\/strong><\/p>\n\n\n\n<p class=\"has-extra-small-font-size\">Giuseppe Verdi: Don Carlos<\/p>\n\n\n\n<p class=\"title\"><strong>AGATHE<\/strong><\/p>\n\n\n\n<p class=\"has-extra-small-font-size\">Carl Maria von Weber: Der Freisch\u00fctz<\/p>\n\n\n\n<p class=\"title\"><strong>ELSA<\/strong><\/p>\n\n\n\n<p class=\"has-extra-small-font-size\">Richard Wagner: Lohengrin<\/p>\n<\/div><\/div>\n<\/div><\/div>\n<\/div><\/div>\n<\/div><\/div>\n<\/div>\n<\/div>\n","protected":false},"excerpt":{"rendered":"<p>Vollst\u00e4ndig studierte Partien: GR\u00c4FINW. A. Mozart: Le nozze di Figaro In Ausz\u00fcgen studierte Partien: MICAELA&nbsp;&nbsp;&nbsp;&nbsp;&nbsp;&nbsp;&nbsp;&nbsp;&nbsp;&nbsp;&nbsp;&nbsp; Georges Bizet: Carmen UNDINE Albert<\/p>\n<p><a href=\"https:\/\/sophierosenfelder.de\/index.php\/repertoire\/oper\/\" class=\"more-link\">Continue reading<span class=\"screen-reader-text\">Oper<\/span><\/a><\/p>\n","protected":false},"author":1,"featured_media":0,"parent":14,"menu_order":0,"comment_status":"closed","ping_status":"closed","template":"","meta":{"footnotes":""},"class_list":["post-72","page","type-page","status-publish","hentry"],"_links":{"self":[{"href":"https:\/\/sophierosenfelder.de\/index.php\/wp-json\/wp\/v2\/pages\/72","targetHints":{"allow":["GET"]}}],"collection":[{"href":"https:\/\/sophierosenfelder.de\/index.php\/wp-json\/wp\/v2\/pages"}],"about":[{"href":"https:\/\/sophierosenfelder.de\/index.php\/wp-json\/wp\/v2\/types\/page"}],"author":[{"embeddable":true,"href":"https:\/\/sophierosenfelder.de\/index.php\/wp-json\/wp\/v2\/users\/1"}],"replies":[{"embeddable":true,"href":"https:\/\/sophierosenfelder.de\/index.php\/wp-json\/wp\/v2\/comments?post=72"}],"version-history":[{"count":9,"href":"https:\/\/sophierosenfelder.de\/index.php\/wp-json\/wp\/v2\/pages\/72\/revisions"}],"predecessor-version":[{"id":774,"href":"https:\/\/sophierosenfelder.de\/index.php\/wp-json\/wp\/v2\/pages\/72\/revisions\/774"}],"up":[{"embeddable":true,"href":"https:\/\/sophierosenfelder.de\/index.php\/wp-json\/wp\/v2\/pages\/14"}],"wp:attachment":[{"href":"https:\/\/sophierosenfelder.de\/index.php\/wp-json\/wp\/v2\/media?parent=72"}],"curies":[{"name":"wp","href":"https:\/\/api.w.org\/{rel}","templated":true}]}}